{"id":8118,"date":"2023-09-06T08:44:15","date_gmt":"2023-09-06T06:44:15","guid":{"rendered":"https:\/\/www.schematherapy.nl\/?post_type=product&#038;p=8118"},"modified":"2023-09-14T08:57:43","modified_gmt":"2023-09-14T06:57:43","slug":"schematherapie-stapje-voor-stapje","status":"publish","type":"product","link":"https:\/\/www.schematherapy.nl\/st\/shop\/schematherapie-stapje-voor-stapje\/","title":{"rendered":"Schematherapie, stapje voor stapje"},"content":{"rendered":"<p>In dit booklet vind je voor elke getoonde sc\u00e8ne een toelichting met nuttige aanvullende informatie. Deze productie kan worden gebruikt als integraal onderdeel van een cursus over schematherapie of als aanvulling op de supervisie of intervisie. Er zijn verschillende materialen gebruikt in de productie, waaronder die van de serie Modi in Zicht. Deze materialen zijn verkrijgbaar via www.psykey.nl\/hulpmiddelen.<\/p>\n","protected":false},"excerpt":{"rendered":"<p>In ruim 6,5 uur met meer dan 70 scenes tonen 5 ervaren Kinder&amp;Jeugd therapeuten Marjolein van Wijk-Herbrink, H\u00e9l\u00e8ne B\u00f6gels, Sigrid Geertzema, Natalie van Oort en Jeffrey Roelofs hoe schematherapie toegepast kan worden bij kinderen en adolescenten.<\/p>\n<p>Gebruik deze link voor het verkrijgen van het booklet met daarin toelichting op de scenes: <a href=\"https:\/\/www.schematherapy.nl\/wp-content\/uploads\/2023\/09\/BOOKLET_STAPJE-VOOR-STAPJE_ws.pdf\">download booklet<\/a><\/p>\n","protected":false},"featured_media":8117,"template":"","meta":[],"product_cat":[15],"product_tag":[],"acf":[],"_links":{"self":[{"href":"https:\/\/www.schematherapy.nl\/st\/wp-json\/wp\/v2\/product\/8118"}],"collection":[{"href":"https:\/\/www.schematherapy.nl\/st\/wp-json\/wp\/v2\/product"}],"about":[{"href":"https:\/\/www.schematherapy.nl\/st\/wp-json\/wp\/v2\/types\/product"}],"wp:featuredmedia":[{"embeddable":true,"href":"https:\/\/www.schematherapy.nl\/st\/wp-json\/wp\/v2\/media\/8117"}],"wp:attachment":[{"href":"https:\/\/www.schematherapy.nl\/st\/wp-json\/wp\/v2\/media?parent=8118"}],"wp:term":[{"taxonomy":"product_cat","embeddable":true,"href":"https:\/\/www.schematherapy.nl\/st\/wp-json\/wp\/v2\/product_cat?post=8118"},{"taxonomy":"product_tag","embeddable":true,"href":"https:\/\/www.schematherapy.nl\/st\/wp-json\/wp\/v2\/product_tag?post=8118"}],"curies":[{"name":"wp","href":"https:\/\/api.w.org\/{rel}","templated":true}]}}