{"id":4473,"date":"2021-03-17T15:54:15","date_gmt":"2021-03-17T14:54:15","guid":{"rendered":"https:\/\/www.schematherapy.nl\/?post_type=product&#038;p=4473"},"modified":"2021-06-10T00:28:58","modified_gmt":"2021-06-09T22:28:58","slug":"angry-modes-live-webinar","status":"publish","type":"product","link":"https:\/\/www.schematherapy.nl\/st\/shop\/angry-modes-live-webinar\/","title":{"rendered":"Angry Modes-recorded webinar"},"content":{"rendered":"","protected":false},"excerpt":{"rendered":"<p>Voor veel therapeuten zijn de meest uitdagende situaties in de klinische praktijk die situaties waarin de cli\u00ebnt boos is. Zo kunnen cli\u00ebnten prikkelbaar weigeren oefeningen te doen, zonder duidelijk aanwijsbare aanleiding in woede ontsteken, of zich neerbuigend gedragen naar de therapeut. Sommige therapeuten vinden boosheid zo lastig dat ze het bij voorbaat proberen te vermijden dat de cli\u00ebnt ontevreden, ge\u00efrriteerd of boos zou kunnen worden. Boze cli\u00ebnten kunnen echter ook gevoelens oproepen van angst, tekortschieten of falen waardoor de therapeut zich angstig en onzeker voelt of misschien zelf boos wordt.<\/p>\n<p>In deze opgenomen webinar leren de deelnemers op de eerste plaats om goed te differenti\u00ebren tussen de verschillende vormen van boosheid. De leidende vraag daarbij is \u2018Vanuit welke modus toont de cli\u00ebnt de boosheid?\u2019. Specifieke methoden en technieken worden besproken en gedemonstreerd hoe om te gaan met deze boze modi. Doelstelling van de webinar dat het een leerzaam maar ook leuk uur is waardoor deelnemers zich ge\u00efnspireerd en gesterkt voelen met deze lastige situaties in de klinische praktijk om te gaan. <\/p>\n<p>https:\/\/www.schematherapy.nl\/wp-content\/uploads\/2021\/03\/Boze-modi-webinar-31-mrt-.pdf<\/p>\n","protected":false},"featured_media":4474,"template":"","meta":[],"product_cat":[18],"product_tag":[],"acf":[],"_links":{"self":[{"href":"https:\/\/www.schematherapy.nl\/st\/wp-json\/wp\/v2\/product\/4473"}],"collection":[{"href":"https:\/\/www.schematherapy.nl\/st\/wp-json\/wp\/v2\/product"}],"about":[{"href":"https:\/\/www.schematherapy.nl\/st\/wp-json\/wp\/v2\/types\/product"}],"wp:featuredmedia":[{"embeddable":true,"href":"https:\/\/www.schematherapy.nl\/st\/wp-json\/wp\/v2\/media\/4474"}],"wp:attachment":[{"href":"https:\/\/www.schematherapy.nl\/st\/wp-json\/wp\/v2\/media?parent=4473"}],"wp:term":[{"taxonomy":"product_cat","embeddable":true,"href":"https:\/\/www.schematherapy.nl\/st\/wp-json\/wp\/v2\/product_cat?post=4473"},{"taxonomy":"product_tag","embeddable":true,"href":"https:\/\/www.schematherapy.nl\/st\/wp-json\/wp\/v2\/product_tag?post=4473"}],"curies":[{"name":"wp","href":"https:\/\/api.w.org\/{rel}","templated":true}]}}