{"id":8519,"date":"2024-05-26T21:06:24","date_gmt":"2024-05-26T19:06:24","guid":{"rendered":"https:\/\/www.schematherapy.nl\/?post_type=product&#038;p=8519"},"modified":"2024-05-27T07:48:35","modified_gmt":"2024-05-27T05:48:35","slug":"schema-therapy-for-children-and-adolescents-step-by-step","status":"publish","type":"product","link":"https:\/\/www.schematherapy.nl\/nl\/shop\/schema-therapy-for-children-and-adolescents-step-by-step\/","title":{"rendered":"Schema therapy for children and adolescents, step by step"},"content":{"rendered":"","protected":false},"excerpt":{"rendered":"<p>Experts in schema therapy, H\u00e9l\u00e8ne B\u00f6gels, Marjolein van Wijk-Herbrink, Christof Loose, Natalie van Oort and Jeffrey Roelofs show in 86 scenes how schema therapy can be applied for children &amp; adolescents.The treatment interventions are organized by mode category. Attention is also paid to the different phases within the therapy, and the differences in working with young people with mainly internalizing problems versus mainly externalizing problems. In the scenes with parents, you can see how they can be actively involved in the treatment, and how to work with the schemas and modes of these parents. Finally, there are scenes demonstrating how to adapt schema therapy techniques to work with children of primary school age. <\/p>\n<p>For a detailed description of the scenes, <a href=\"https:\/\/www.schematherapy.nl\/wp-content\/uploads\/2024\/05\/ST-by-children-and-adolescents_step-by-step.pdf\">download this booklet<\/a> <\/p>\n","protected":false},"featured_media":8516,"template":"","meta":[],"product_cat":[15],"product_tag":[],"acf":[],"_links":{"self":[{"href":"https:\/\/www.schematherapy.nl\/nl\/wp-json\/wp\/v2\/product\/8519"}],"collection":[{"href":"https:\/\/www.schematherapy.nl\/nl\/wp-json\/wp\/v2\/product"}],"about":[{"href":"https:\/\/www.schematherapy.nl\/nl\/wp-json\/wp\/v2\/types\/product"}],"wp:featuredmedia":[{"embeddable":true,"href":"https:\/\/www.schematherapy.nl\/nl\/wp-json\/wp\/v2\/media\/8516"}],"wp:attachment":[{"href":"https:\/\/www.schematherapy.nl\/nl\/wp-json\/wp\/v2\/media?parent=8519"}],"wp:term":[{"taxonomy":"product_cat","embeddable":true,"href":"https:\/\/www.schematherapy.nl\/nl\/wp-json\/wp\/v2\/product_cat?post=8519"},{"taxonomy":"product_tag","embeddable":true,"href":"https:\/\/www.schematherapy.nl\/nl\/wp-json\/wp\/v2\/product_tag?post=8519"}],"curies":[{"name":"wp","href":"https:\/\/api.w.org\/{rel}","templated":true}]}}